{"id":6472,"date":"2021-07-05T10:02:08","date_gmt":"2021-07-05T08:02:08","guid":{"rendered":"https:\/\/spaceprogram.esch2022.lu\/senregistrer\/"},"modified":"2021-08-17T09:47:50","modified_gmt":"2021-08-17T07:47:50","slug":"aschreiwen","status":"publish","type":"page","link":"https:\/\/spaceprogram.esch2022.lu\/lu\/aschreiwen\/","title":{"rendered":"Aschreiwen"},"content":{"rendered":"\t\t<div data-elementor-type=\"wp-page\" data-elementor-id=\"6472\" class=\"elementor elementor-6472 elementor-5908\" data-elementor-post-type=\"page\">\n\t\t\t\t\t\t<section class=\"elementor-section elementor-top-section elementor-element elementor-element-fd0341c elementor-section-stretched elementor-section-height-min-height elementor-section-items-stretch elementor-section-content-middle elementor-section-boxed elementor-section-height-default\" data-id=\"fd0341c\" data-element_type=\"section\" data-settings=\"{&quot;stretch_section&quot;:&quot;section-stretched&quot;,&quot;background_background&quot;:&quot;classic&quot;}\">\n\t\t\t\t\t\t\t<div class=\"elementor-background-overlay\"><\/div>\n\t\t\t\t\t\t\t<div class=\"elementor-container elementor-column-gap-default\">\n\t\t\t\t\t<div class=\"elementor-column elementor-col-100 elementor-top-column elementor-element elementor-element-2b414e0 elementor-invisible\" data-id=\"2b414e0\" data-element_type=\"column\" data-settings=\"{&quot;background_background&quot;:&quot;classic&quot;,&quot;animation&quot;:&quot;fadeInLeft&quot;}\">\n\t\t\t<div class=\"elementor-widget-wrap elementor-element-populated\">\n\t\t\t\t\t\t<div class=\"elementor-element elementor-element-437cc52 elementor-widget elementor-widget-heading\" data-id=\"437cc52\" data-element_type=\"widget\" data-widget_type=\"heading.default\">\n\t\t\t\t<div class=\"elementor-widget-container\">\n\t\t\t\t\t<h1 class=\"elementor-heading-title elementor-size-xxl\">DEELT ELO AUS EIS GROUSSEN Zeechnen -Concours<\/h1>\t\t\t\t<\/div>\n\t\t\t\t<\/div>\n\t\t\t\t<div class=\"elementor-element elementor-element-4fa0840 elementor-widget elementor-widget-text-editor\" data-id=\"4fa0840\" data-element_type=\"widget\" data-widget_type=\"text-editor.default\">\n\t\t\t\t<div class=\"elementor-widget-container\">\n\t\t\t\t\t\t\t\t\t<p style=\"text-align: center;\">Fir \u00c4r Sch\u00fcler z&#8217;erm\u00e9iglechen deelzehuelen, erstellt w.e.g. e Kont, wielt \u00c4r Schoul an f\u00fc\u00fcgt d&#8217;Zeechnunge vun \u00c4rer Klass b\u00e4i.<\/p>\t\t\t\t\t\t\t\t<\/div>\n\t\t\t\t<\/div>\n\t\t\t\t\t<\/div>\n\t\t<\/div>\n\t\t\t\t\t<\/div>\n\t\t<\/section>\n\t\t\t\t<section class=\"elementor-section elementor-top-section elementor-element elementor-element-43140ef elementor-section-boxed elementor-section-height-default elementor-section-height-default\" data-id=\"43140ef\" data-element_type=\"section\" data-settings=\"{&quot;background_background&quot;:&quot;classic&quot;}\">\n\t\t\t\t\t\t<div class=\"elementor-container elementor-column-gap-default\">\n\t\t\t\t\t<div class=\"elementor-column elementor-col-100 elementor-top-column elementor-element elementor-element-beda525\" data-id=\"beda525\" data-element_type=\"column\" data-settings=\"{&quot;background_background&quot;:&quot;classic&quot;}\">\n\t\t\t<div class=\"elementor-widget-wrap elementor-element-populated\">\n\t\t\t\t\t\t<div class=\"elementor-element elementor-element-5aa813d elementor-widget elementor-widget-shortcode\" data-id=\"5aa813d\" data-element_type=\"widget\" data-widget_type=\"shortcode.default\">\n\t\t\t\t<div class=\"elementor-widget-container\">\n\t\t\t\t\t<div class='alert alert-success' id='registerSuccess' style='display:none;'><strong>Gutt gemaach!<\/strong> \u00c4re Kont gouf erfollegr\u00e4ich erstallt. Dir k\u00ebnnt elo aloggen.<\/div><div class='alert alert-danger' id='registerError' style='display:none;'><strong>Oops!<\/strong> E Feeler ass geschitt.<\/div>\n\n        \n            <div class='alert alert-success'>\n            Merci fir \u00c4ren Inter\u00eat an \u00c4r Participatioun um grousse Molconcours vun Esch2022. De Concours ass elo eriwwer. D'Jury w\u00e4ert d'Zeechnungen iwwerpr\u00e9iwen an d'Gew\u00ebnner auswielen. D'Finaliste gi geschw\u00ebnn inform\u00e9iert an op d'Pr\u00e4isiwwerreechung den 29. November 2021 an den Grand Auditorium op Esch-Belval invit\u00e9iert        <\/div>\n\n    \n\n\t\t<div class=\"elementor-shortcode\"><\/div>\n\t\t\t\t\t\t<\/div>\n\t\t\t\t<\/div>\n\t\t\t\t\t<\/div>\n\t\t<\/div>\n\t\t\t\t\t<\/div>\n\t\t<\/section>\n\t\t\t\t<section class=\"elementor-section elementor-top-section elementor-element elementor-element-8df3554 elementor-section-boxed elementor-section-height-default elementor-section-height-default\" data-id=\"8df3554\" data-element_type=\"section\" data-settings=\"{&quot;background_background&quot;:&quot;classic&quot;}\">\n\t\t\t\t\t\t<div class=\"elementor-container elementor-column-gap-default\">\n\t\t\t\t\t<div class=\"elementor-column elementor-col-100 elementor-top-column elementor-element elementor-element-602b237\" data-id=\"602b237\" data-element_type=\"column\" data-settings=\"{&quot;background_background&quot;:&quot;classic&quot;}\">\n\t\t\t<div class=\"elementor-widget-wrap elementor-element-populated\">\n\t\t\t\t\t\t<div class=\"elementor-element elementor-element-89423a7 elementor-widget elementor-widget-text-editor\" data-id=\"89423a7\" data-element_type=\"widget\" data-widget_type=\"text-editor.default\">\n\t\t\t\t<div class=\"elementor-widget-container\">\n\t\t\t\t\t\t\t\t\t<p style=\"text-align: center;\">Hutt Dir schonn e Kont ?<\/p>\n<p style=\"text-align: center; color: #000000;\"><a style=\"text-align: center; color: rgb(0 154 254); font-weight: 500;\" href=\"\/ze-aloggen\/\">Mellt Iech hei an<\/a><\/p>\t\t\t\t\t\t\t\t<\/div>\n\t\t\t\t<\/div>\n\t\t\t\t\t<\/div>\n\t\t<\/div>\n\t\t\t\t\t<\/div>\n\t\t<\/section>\n\t\t\t\t<\/div>\n\t\t","protected":false},"excerpt":{"rendered":"<p>DEELT ELO AUS EIS GROUSSEN Zeechnen -Concours Fir \u00c4r Sch\u00fcler z&#8217;erm\u00e9iglechen deelzehuelen, erstellt w.e.g. e Kont, wielt \u00c4r Schoul an f\u00fc\u00fcgt d&#8217;Zeechnunge vun \u00c4rer Klass b\u00e4i. Hutt Dir schonn e Kont ? Mellt Iech hei an<\/p>\n","protected":false},"author":1,"featured_media":0,"parent":0,"menu_order":0,"comment_status":"closed","ping_status":"closed","template":"","meta":{"footnotes":""},"class_list":["post-6472","page","type-page","status-publish","hentry"],"yoast_head":"<!-- This site is optimized with the Yoast SEO plugin v27.4 - https:\/\/yoast.com\/product\/yoast-seo-wordpress\/ -->\n<title>Aschreiwen - Space Program - Esch2022<\/title>\n<meta name=\"robots\" content=\"index, follow, max-snippet:-1, max-image-preview:large, max-video-preview:-1\" \/>\n<link rel=\"canonical\" href=\"https:\/\/spaceprogram.esch2022.lu\/lu\/aschreiwen\/\" \/>\n<meta property=\"og:locale\" content=\"en_US\" \/>\n<meta property=\"og:type\" content=\"article\" \/>\n<meta property=\"og:title\" content=\"Aschreiwen - Space Program - Esch2022\" \/>\n<meta property=\"og:description\" content=\"DEELT ELO AUS EIS GROUSSEN Zeechnen -Concours Fir \u00c4r Sch\u00fcler z&#8217;erm\u00e9iglechen deelzehuelen, erstellt w.e.g. e Kont, wielt \u00c4r Schoul an f\u00fc\u00fcgt d&#8217;Zeechnunge vun \u00c4rer Klass b\u00e4i. Hutt Dir schonn e Kont ? Mellt Iech hei an\" \/>\n<meta property=\"og:url\" content=\"https:\/\/spaceprogram.esch2022.lu\/lu\/aschreiwen\/\" \/>\n<meta property=\"og:site_name\" content=\"Space Program - Esch2022\" \/>\n<meta property=\"article:modified_time\" content=\"2021-08-17T07:47:50+00:00\" \/>\n<meta name=\"twitter:card\" content=\"summary_large_image\" \/>\n<meta name=\"twitter:label1\" content=\"Est. reading time\" \/>\n\t<meta name=\"twitter:data1\" content=\"1 minute\" \/>\n<script type=\"application\/ld+json\" class=\"yoast-schema-graph\">{\"@context\":\"https:\\\/\\\/schema.org\",\"@graph\":[{\"@type\":\"WebPage\",\"@id\":\"https:\\\/\\\/spaceprogram.esch2022.lu\\\/lu\\\/aschreiwen\\\/\",\"url\":\"https:\\\/\\\/spaceprogram.esch2022.lu\\\/lu\\\/aschreiwen\\\/\",\"name\":\"Aschreiwen - Space Program - Esch2022\",\"isPartOf\":{\"@id\":\"https:\\\/\\\/spaceprogram.esch2022.lu\\\/lu\\\/#website\"},\"datePublished\":\"2021-07-05T08:02:08+00:00\",\"dateModified\":\"2021-08-17T07:47:50+00:00\",\"breadcrumb\":{\"@id\":\"https:\\\/\\\/spaceprogram.esch2022.lu\\\/lu\\\/aschreiwen\\\/#breadcrumb\"},\"inLanguage\":\"lu-LU\",\"potentialAction\":[{\"@type\":\"ReadAction\",\"target\":[\"https:\\\/\\\/spaceprogram.esch2022.lu\\\/lu\\\/aschreiwen\\\/\"]}]},{\"@type\":\"BreadcrumbList\",\"@id\":\"https:\\\/\\\/spaceprogram.esch2022.lu\\\/lu\\\/aschreiwen\\\/#breadcrumb\",\"itemListElement\":[{\"@type\":\"ListItem\",\"position\":1,\"name\":\"Home\",\"item\":\"https:\\\/\\\/spaceprogram.esch2022.lu\\\/lu\\\/\"},{\"@type\":\"ListItem\",\"position\":2,\"name\":\"Aschreiwen\"}]},{\"@type\":\"WebSite\",\"@id\":\"https:\\\/\\\/spaceprogram.esch2022.lu\\\/lu\\\/#website\",\"url\":\"https:\\\/\\\/spaceprogram.esch2022.lu\\\/lu\\\/\",\"name\":\"Space Program - Esch2022\",\"description\":\"\",\"potentialAction\":[{\"@type\":\"SearchAction\",\"target\":{\"@type\":\"EntryPoint\",\"urlTemplate\":\"https:\\\/\\\/spaceprogram.esch2022.lu\\\/lu\\\/?s={search_term_string}\"},\"query-input\":{\"@type\":\"PropertyValueSpecification\",\"valueRequired\":true,\"valueName\":\"search_term_string\"}}],\"inLanguage\":\"lu-LU\"}]}<\/script>\n<!-- \/ Yoast SEO plugin. -->","yoast_head_json":{"title":"Aschreiwen - Space Program - Esch2022","robots":{"index":"index","follow":"follow","max-snippet":"max-snippet:-1","max-image-preview":"max-image-preview:large","max-video-preview":"max-video-preview:-1"},"canonical":"https:\/\/spaceprogram.esch2022.lu\/lu\/aschreiwen\/","og_locale":"en_US","og_type":"article","og_title":"Aschreiwen - Space Program - Esch2022","og_description":"DEELT ELO AUS EIS GROUSSEN Zeechnen -Concours Fir \u00c4r Sch\u00fcler z&#8217;erm\u00e9iglechen deelzehuelen, erstellt w.e.g. e Kont, wielt \u00c4r Schoul an f\u00fc\u00fcgt d&#8217;Zeechnunge vun \u00c4rer Klass b\u00e4i. Hutt Dir schonn e Kont ? Mellt Iech hei an","og_url":"https:\/\/spaceprogram.esch2022.lu\/lu\/aschreiwen\/","og_site_name":"Space Program - Esch2022","article_modified_time":"2021-08-17T07:47:50+00:00","twitter_card":"summary_large_image","twitter_misc":{"Est. reading time":"1 minute"},"schema":{"@context":"https:\/\/schema.org","@graph":[{"@type":"WebPage","@id":"https:\/\/spaceprogram.esch2022.lu\/lu\/aschreiwen\/","url":"https:\/\/spaceprogram.esch2022.lu\/lu\/aschreiwen\/","name":"Aschreiwen - Space Program - Esch2022","isPartOf":{"@id":"https:\/\/spaceprogram.esch2022.lu\/lu\/#website"},"datePublished":"2021-07-05T08:02:08+00:00","dateModified":"2021-08-17T07:47:50+00:00","breadcrumb":{"@id":"https:\/\/spaceprogram.esch2022.lu\/lu\/aschreiwen\/#breadcrumb"},"inLanguage":"lu-LU","potentialAction":[{"@type":"ReadAction","target":["https:\/\/spaceprogram.esch2022.lu\/lu\/aschreiwen\/"]}]},{"@type":"BreadcrumbList","@id":"https:\/\/spaceprogram.esch2022.lu\/lu\/aschreiwen\/#breadcrumb","itemListElement":[{"@type":"ListItem","position":1,"name":"Home","item":"https:\/\/spaceprogram.esch2022.lu\/lu\/"},{"@type":"ListItem","position":2,"name":"Aschreiwen"}]},{"@type":"WebSite","@id":"https:\/\/spaceprogram.esch2022.lu\/lu\/#website","url":"https:\/\/spaceprogram.esch2022.lu\/lu\/","name":"Space Program - Esch2022","description":"","potentialAction":[{"@type":"SearchAction","target":{"@type":"EntryPoint","urlTemplate":"https:\/\/spaceprogram.esch2022.lu\/lu\/?s={search_term_string}"},"query-input":{"@type":"PropertyValueSpecification","valueRequired":true,"valueName":"search_term_string"}}],"inLanguage":"lu-LU"}]}},"_links":{"self":[{"href":"https:\/\/spaceprogram.esch2022.lu\/lu\/wp-json\/wp\/v2\/pages\/6472","targetHints":{"allow":["GET"]}}],"collection":[{"href":"https:\/\/spaceprogram.esch2022.lu\/lu\/wp-json\/wp\/v2\/pages"}],"about":[{"href":"https:\/\/spaceprogram.esch2022.lu\/lu\/wp-json\/wp\/v2\/types\/page"}],"author":[{"embeddable":true,"href":"https:\/\/spaceprogram.esch2022.lu\/lu\/wp-json\/wp\/v2\/users\/1"}],"replies":[{"embeddable":true,"href":"https:\/\/spaceprogram.esch2022.lu\/lu\/wp-json\/wp\/v2\/comments?post=6472"}],"version-history":[{"count":0,"href":"https:\/\/spaceprogram.esch2022.lu\/lu\/wp-json\/wp\/v2\/pages\/6472\/revisions"}],"wp:attachment":[{"href":"https:\/\/spaceprogram.esch2022.lu\/lu\/wp-json\/wp\/v2\/media?parent=6472"}],"curies":[{"name":"wp","href":"https:\/\/api.w.org\/{rel}","templated":true}]}}