{"id":5908,"date":"2021-07-05T10:02:08","date_gmt":"2021-07-05T08:02:08","guid":{"rendered":"https:\/\/spaceprogram.esch2022.lu\/?page_id=5908"},"modified":"2021-08-17T09:46:19","modified_gmt":"2021-08-17T07:46:19","slug":"senregistrer","status":"publish","type":"page","link":"https:\/\/spaceprogram.esch2022.lu\/fr\/senregistrer\/","title":{"rendered":"S&rsquo;enregistrer"},"content":{"rendered":"\t\t<div data-elementor-type=\"wp-page\" data-elementor-id=\"5908\" class=\"elementor elementor-5908\" data-elementor-post-type=\"page\">\n\t\t\t\t\t\t<section class=\"elementor-section elementor-top-section elementor-element elementor-element-fd0341c elementor-section-stretched elementor-section-height-min-height elementor-section-items-stretch elementor-section-content-middle elementor-section-boxed elementor-section-height-default\" data-id=\"fd0341c\" data-element_type=\"section\" data-settings=\"{&quot;stretch_section&quot;:&quot;section-stretched&quot;,&quot;background_background&quot;:&quot;classic&quot;}\">\n\t\t\t\t\t\t\t<div class=\"elementor-background-overlay\"><\/div>\n\t\t\t\t\t\t\t<div class=\"elementor-container elementor-column-gap-default\">\n\t\t\t\t\t<div class=\"elementor-column elementor-col-100 elementor-top-column elementor-element elementor-element-2b414e0 elementor-invisible\" data-id=\"2b414e0\" data-element_type=\"column\" data-settings=\"{&quot;background_background&quot;:&quot;classic&quot;,&quot;animation&quot;:&quot;fadeInLeft&quot;}\">\n\t\t\t<div class=\"elementor-widget-wrap elementor-element-populated\">\n\t\t\t\t\t\t<div class=\"elementor-element elementor-element-437cc52 elementor-widget elementor-widget-heading\" data-id=\"437cc52\" data-element_type=\"widget\" data-widget_type=\"heading.default\">\n\t\t\t\t<div class=\"elementor-widget-container\">\n\t\t\t\t\t<h1 class=\"elementor-heading-title elementor-size-xxl\">Participez d\u00e8s maintenant \u00e0 notre grand concours de dessin\u200b<\/h1>\t\t\t\t<\/div>\n\t\t\t\t<\/div>\n\t\t\t\t<div class=\"elementor-element elementor-element-4fa0840 elementor-widget elementor-widget-text-editor\" data-id=\"4fa0840\" data-element_type=\"widget\" data-widget_type=\"text-editor.default\">\n\t\t\t\t<div class=\"elementor-widget-container\">\n\t\t\t\t\t\t\t\t\t<p style=\"text-align: center;\">Pour permettre \u00e0 vos \u00e9l\u00e8ves de participer, veuillez cr\u00e9er un compte, s\u00e9lectionner votre \u00e9cole et ajouter les dessins r\u00e9alis\u00e9s par votre classe.<\/p>\t\t\t\t\t\t\t\t<\/div>\n\t\t\t\t<\/div>\n\t\t\t\t\t<\/div>\n\t\t<\/div>\n\t\t\t\t\t<\/div>\n\t\t<\/section>\n\t\t\t\t<section class=\"elementor-section elementor-top-section elementor-element elementor-element-43140ef elementor-section-boxed elementor-section-height-default elementor-section-height-default\" data-id=\"43140ef\" data-element_type=\"section\" data-settings=\"{&quot;background_background&quot;:&quot;classic&quot;}\">\n\t\t\t\t\t\t<div class=\"elementor-container elementor-column-gap-default\">\n\t\t\t\t\t<div class=\"elementor-column elementor-col-100 elementor-top-column elementor-element elementor-element-beda525\" data-id=\"beda525\" data-element_type=\"column\" data-settings=\"{&quot;background_background&quot;:&quot;classic&quot;}\">\n\t\t\t<div class=\"elementor-widget-wrap elementor-element-populated\">\n\t\t\t\t\t\t<div class=\"elementor-element elementor-element-5aa813d elementor-widget elementor-widget-shortcode\" data-id=\"5aa813d\" data-element_type=\"widget\" data-widget_type=\"shortcode.default\">\n\t\t\t\t<div class=\"elementor-widget-container\">\n\t\t\t\t\t<div class='alert alert-success' id='registerSuccess' style='display:none;'><strong>Bravo!<\/strong> Votre compte \u00e0 \u00e9t\u00e9 cr\u00e9\u00e9 avec succ\u00e8s. Vous pouvez maintenant vous connecter.<\/div><div class='alert alert-danger' id='registerError' style='display:none;'><strong>Oops!<\/strong> Une erreur est survenue.<\/div>\n\n        \n            <div class='alert alert-success'>\n            Merci pour votre int\u00e9r\u00eat et participation au Grand Concours de dessin d\u2019Esch2022. Le concours est cl\u00f4tur\u00e9. Le jury va examiner les dessins et proc\u00e9der \u00e0 la s\u00e9lection des laur\u00e9ats. Les finalistes seront contact\u00e9s tr\u00e8s prochainement et invit\u00e9s \u00e0 la remise des prix au Grand Auditorium d\u2019Esch-Belval, le 29 novembre 2021.        <\/div>\n\n    \n\n\t\t<div class=\"elementor-shortcode\"><\/div>\n\t\t\t\t\t\t<\/div>\n\t\t\t\t<\/div>\n\t\t\t\t\t<\/div>\n\t\t<\/div>\n\t\t\t\t\t<\/div>\n\t\t<\/section>\n\t\t\t\t<section class=\"elementor-section elementor-top-section elementor-element elementor-element-8df3554 elementor-section-boxed elementor-section-height-default elementor-section-height-default\" data-id=\"8df3554\" data-element_type=\"section\" data-settings=\"{&quot;background_background&quot;:&quot;classic&quot;}\">\n\t\t\t\t\t\t<div class=\"elementor-container elementor-column-gap-default\">\n\t\t\t\t\t<div class=\"elementor-column elementor-col-100 elementor-top-column elementor-element elementor-element-602b237\" data-id=\"602b237\" data-element_type=\"column\" data-settings=\"{&quot;background_background&quot;:&quot;classic&quot;}\">\n\t\t\t<div class=\"elementor-widget-wrap elementor-element-populated\">\n\t\t\t\t\t\t<div class=\"elementor-element elementor-element-89423a7 elementor-widget elementor-widget-text-editor\" data-id=\"89423a7\" data-element_type=\"widget\" data-widget_type=\"text-editor.default\">\n\t\t\t\t<div class=\"elementor-widget-container\">\n\t\t\t\t\t\t\t\t\t<p style=\"text-align: center;\">Vous avez d\u00e9j\u00e0 un compte ?<\/p>\n<p style=\"text-align: center; color: #000000;\"><a style=\"text-align: center; color: rgb(0 154 254); font-weight: 500;\" href=\"\/fr\/se-connecter\">Se connecter ici<\/a><\/p>\t\t\t\t\t\t\t\t<\/div>\n\t\t\t\t<\/div>\n\t\t\t\t\t<\/div>\n\t\t<\/div>\n\t\t\t\t\t<\/div>\n\t\t<\/section>\n\t\t\t\t<\/div>\n\t\t","protected":false},"excerpt":{"rendered":"<p>Participez d\u00e8s maintenant \u00e0 notre grand concours de dessin\u200b Pour permettre \u00e0 vos \u00e9l\u00e8ves de participer, veuillez cr\u00e9er un compte, s\u00e9lectionner votre \u00e9cole et ajouter les dessins r\u00e9alis\u00e9s par votre classe. Vous avez d\u00e9j\u00e0 un compte ? Se connecter ici<\/p>\n","protected":false},"author":1,"featured_media":0,"parent":0,"menu_order":0,"comment_status":"closed","ping_status":"closed","template":"","meta":{"footnotes":""},"class_list":["post-5908","page","type-page","status-publish","hentry"],"yoast_head":"<!-- This site is optimized with the Yoast SEO plugin v27.4 - https:\/\/yoast.com\/product\/yoast-seo-wordpress\/ -->\n<title>S&#039;enregistrer - Space Program - Esch2022<\/title>\n<meta name=\"robots\" content=\"index, follow, max-snippet:-1, max-image-preview:large, max-video-preview:-1\" \/>\n<link rel=\"canonical\" href=\"https:\/\/spaceprogram.esch2022.lu\/fr\/senregistrer\/\" \/>\n<meta property=\"og:locale\" content=\"fr_FR\" \/>\n<meta property=\"og:type\" content=\"article\" \/>\n<meta property=\"og:title\" content=\"S&#039;enregistrer - Space Program - Esch2022\" \/>\n<meta property=\"og:description\" content=\"Participez d\u00e8s maintenant \u00e0 notre grand concours de dessin\u200b Pour permettre \u00e0 vos \u00e9l\u00e8ves de participer, veuillez cr\u00e9er un compte, s\u00e9lectionner votre \u00e9cole et ajouter les dessins r\u00e9alis\u00e9s par votre classe. Vous avez d\u00e9j\u00e0 un compte ? Se connecter ici\" \/>\n<meta property=\"og:url\" content=\"https:\/\/spaceprogram.esch2022.lu\/fr\/senregistrer\/\" \/>\n<meta property=\"og:site_name\" content=\"Space Program - Esch2022\" \/>\n<meta property=\"article:modified_time\" content=\"2021-08-17T07:46:19+00:00\" \/>\n<meta name=\"twitter:card\" content=\"summary_large_image\" \/>\n<meta name=\"twitter:label1\" content=\"Dur\u00e9e de lecture estim\u00e9e\" \/>\n\t<meta name=\"twitter:data1\" content=\"1 minute\" \/>\n<script type=\"application\/ld+json\" class=\"yoast-schema-graph\">{\"@context\":\"https:\\\/\\\/schema.org\",\"@graph\":[{\"@type\":\"WebPage\",\"@id\":\"https:\\\/\\\/spaceprogram.esch2022.lu\\\/fr\\\/senregistrer\\\/\",\"url\":\"https:\\\/\\\/spaceprogram.esch2022.lu\\\/fr\\\/senregistrer\\\/\",\"name\":\"S'enregistrer - Space Program - Esch2022\",\"isPartOf\":{\"@id\":\"https:\\\/\\\/spaceprogram.esch2022.lu\\\/lu\\\/#website\"},\"datePublished\":\"2021-07-05T08:02:08+00:00\",\"dateModified\":\"2021-08-17T07:46:19+00:00\",\"breadcrumb\":{\"@id\":\"https:\\\/\\\/spaceprogram.esch2022.lu\\\/fr\\\/senregistrer\\\/#breadcrumb\"},\"inLanguage\":\"fr-FR\",\"potentialAction\":[{\"@type\":\"ReadAction\",\"target\":[\"https:\\\/\\\/spaceprogram.esch2022.lu\\\/fr\\\/senregistrer\\\/\"]}]},{\"@type\":\"BreadcrumbList\",\"@id\":\"https:\\\/\\\/spaceprogram.esch2022.lu\\\/fr\\\/senregistrer\\\/#breadcrumb\",\"itemListElement\":[{\"@type\":\"ListItem\",\"position\":1,\"name\":\"Home\",\"item\":\"https:\\\/\\\/spaceprogram.esch2022.lu\\\/fr\\\/\"},{\"@type\":\"ListItem\",\"position\":2,\"name\":\"S&rsquo;enregistrer\"}]},{\"@type\":\"WebSite\",\"@id\":\"https:\\\/\\\/spaceprogram.esch2022.lu\\\/lu\\\/#website\",\"url\":\"https:\\\/\\\/spaceprogram.esch2022.lu\\\/lu\\\/\",\"name\":\"Space Program - Esch2022\",\"description\":\"\",\"potentialAction\":[{\"@type\":\"SearchAction\",\"target\":{\"@type\":\"EntryPoint\",\"urlTemplate\":\"https:\\\/\\\/spaceprogram.esch2022.lu\\\/lu\\\/?s={search_term_string}\"},\"query-input\":{\"@type\":\"PropertyValueSpecification\",\"valueRequired\":true,\"valueName\":\"search_term_string\"}}],\"inLanguage\":\"fr-FR\"}]}<\/script>\n<!-- \/ Yoast SEO plugin. -->","yoast_head_json":{"title":"S'enregistrer - Space Program - Esch2022","robots":{"index":"index","follow":"follow","max-snippet":"max-snippet:-1","max-image-preview":"max-image-preview:large","max-video-preview":"max-video-preview:-1"},"canonical":"https:\/\/spaceprogram.esch2022.lu\/fr\/senregistrer\/","og_locale":"fr_FR","og_type":"article","og_title":"S'enregistrer - Space Program - Esch2022","og_description":"Participez d\u00e8s maintenant \u00e0 notre grand concours de dessin\u200b Pour permettre \u00e0 vos \u00e9l\u00e8ves de participer, veuillez cr\u00e9er un compte, s\u00e9lectionner votre \u00e9cole et ajouter les dessins r\u00e9alis\u00e9s par votre classe. Vous avez d\u00e9j\u00e0 un compte ? Se connecter ici","og_url":"https:\/\/spaceprogram.esch2022.lu\/fr\/senregistrer\/","og_site_name":"Space Program - Esch2022","article_modified_time":"2021-08-17T07:46:19+00:00","twitter_card":"summary_large_image","twitter_misc":{"Dur\u00e9e de lecture estim\u00e9e":"1 minute"},"schema":{"@context":"https:\/\/schema.org","@graph":[{"@type":"WebPage","@id":"https:\/\/spaceprogram.esch2022.lu\/fr\/senregistrer\/","url":"https:\/\/spaceprogram.esch2022.lu\/fr\/senregistrer\/","name":"S'enregistrer - Space Program - Esch2022","isPartOf":{"@id":"https:\/\/spaceprogram.esch2022.lu\/lu\/#website"},"datePublished":"2021-07-05T08:02:08+00:00","dateModified":"2021-08-17T07:46:19+00:00","breadcrumb":{"@id":"https:\/\/spaceprogram.esch2022.lu\/fr\/senregistrer\/#breadcrumb"},"inLanguage":"fr-FR","potentialAction":[{"@type":"ReadAction","target":["https:\/\/spaceprogram.esch2022.lu\/fr\/senregistrer\/"]}]},{"@type":"BreadcrumbList","@id":"https:\/\/spaceprogram.esch2022.lu\/fr\/senregistrer\/#breadcrumb","itemListElement":[{"@type":"ListItem","position":1,"name":"Home","item":"https:\/\/spaceprogram.esch2022.lu\/fr\/"},{"@type":"ListItem","position":2,"name":"S&rsquo;enregistrer"}]},{"@type":"WebSite","@id":"https:\/\/spaceprogram.esch2022.lu\/lu\/#website","url":"https:\/\/spaceprogram.esch2022.lu\/lu\/","name":"Space Program - Esch2022","description":"","potentialAction":[{"@type":"SearchAction","target":{"@type":"EntryPoint","urlTemplate":"https:\/\/spaceprogram.esch2022.lu\/lu\/?s={search_term_string}"},"query-input":{"@type":"PropertyValueSpecification","valueRequired":true,"valueName":"search_term_string"}}],"inLanguage":"fr-FR"}]}},"_links":{"self":[{"href":"https:\/\/spaceprogram.esch2022.lu\/fr\/wp-json\/wp\/v2\/pages\/5908","targetHints":{"allow":["GET"]}}],"collection":[{"href":"https:\/\/spaceprogram.esch2022.lu\/fr\/wp-json\/wp\/v2\/pages"}],"about":[{"href":"https:\/\/spaceprogram.esch2022.lu\/fr\/wp-json\/wp\/v2\/types\/page"}],"author":[{"embeddable":true,"href":"https:\/\/spaceprogram.esch2022.lu\/fr\/wp-json\/wp\/v2\/users\/1"}],"replies":[{"embeddable":true,"href":"https:\/\/spaceprogram.esch2022.lu\/fr\/wp-json\/wp\/v2\/comments?post=5908"}],"version-history":[{"count":0,"href":"https:\/\/spaceprogram.esch2022.lu\/fr\/wp-json\/wp\/v2\/pages\/5908\/revisions"}],"wp:attachment":[{"href":"https:\/\/spaceprogram.esch2022.lu\/fr\/wp-json\/wp\/v2\/media?parent=5908"}],"curies":[{"name":"wp","href":"https:\/\/api.w.org\/{rel}","templated":true}]}}