{"id":5805,"date":"2021-07-02T10:39:42","date_gmt":"2021-07-02T08:39:42","guid":{"rendered":"https:\/\/spaceprogram.esch2022.lu\/?page_id=5805"},"modified":"2021-09-06T12:01:22","modified_gmt":"2021-09-06T10:01:22","slug":"se-connecter","status":"publish","type":"page","link":"https:\/\/spaceprogram.esch2022.lu\/fr\/se-connecter\/","title":{"rendered":"Se connecter"},"content":{"rendered":"\t\t<div data-elementor-type=\"wp-page\" data-elementor-id=\"5805\" class=\"elementor elementor-5805\" data-elementor-post-type=\"page\">\n\t\t\t\t\t\t<section class=\"elementor-section elementor-top-section elementor-element elementor-element-3616863 elementor-section-stretched elementor-section-height-min-height elementor-section-items-stretch elementor-section-content-middle elementor-section-boxed elementor-section-height-default\" data-id=\"3616863\" data-element_type=\"section\" data-settings=\"{&quot;stretch_section&quot;:&quot;section-stretched&quot;,&quot;background_background&quot;:&quot;classic&quot;}\">\n\t\t\t\t\t\t\t<div class=\"elementor-background-overlay\"><\/div>\n\t\t\t\t\t\t\t<div class=\"elementor-container elementor-column-gap-default\">\n\t\t\t\t\t<div class=\"elementor-column elementor-col-100 elementor-top-column elementor-element elementor-element-50615e3 elementor-invisible\" data-id=\"50615e3\" data-element_type=\"column\" data-settings=\"{&quot;background_background&quot;:&quot;classic&quot;,&quot;animation&quot;:&quot;fadeInLeft&quot;}\">\n\t\t\t<div class=\"elementor-widget-wrap elementor-element-populated\">\n\t\t\t\t\t\t<div class=\"elementor-element elementor-element-e333bf0 elementor-widget elementor-widget-heading\" data-id=\"e333bf0\" data-element_type=\"widget\" data-widget_type=\"heading.default\">\n\t\t\t\t<div class=\"elementor-widget-container\">\n\t\t\t\t\t<h1 class=\"elementor-heading-title elementor-size-xxl\">Connectez-vous pour g\u00e9rer votre participation\u200b<\/h1>\t\t\t\t<\/div>\n\t\t\t\t<\/div>\n\t\t\t\t\t<\/div>\n\t\t<\/div>\n\t\t\t\t\t<\/div>\n\t\t<\/section>\n\t\t\t\t<section class=\"elementor-section elementor-top-section elementor-element elementor-element-43140ef elementor-section-boxed elementor-section-height-default elementor-section-height-default\" data-id=\"43140ef\" data-element_type=\"section\">\n\t\t\t\t\t\t<div class=\"elementor-container elementor-column-gap-default\">\n\t\t\t\t\t<div class=\"elementor-column elementor-col-50 elementor-top-column elementor-element elementor-element-beda525\" data-id=\"beda525\" data-element_type=\"column\" data-settings=\"{&quot;background_background&quot;:&quot;classic&quot;}\">\n\t\t\t<div class=\"elementor-widget-wrap elementor-element-populated\">\n\t\t\t\t\t\t<div class=\"elementor-element elementor-element-5aa813d signIn elementor-widget elementor-widget-shortcode\" data-id=\"5aa813d\" data-element_type=\"widget\" id=\"signIn\" data-widget_type=\"shortcode.default\">\n\t\t\t\t<div class=\"elementor-widget-container\">\n\t\t\t\t\t<div class='alert alert-danger'  id='loginError' style='display:none; width:100%;'><strong>Oops!<\/strong> Adresse e-mail et\/ou mot de passe incorrects.<\/div>\n\n    \n\n    <form autocomplete=\"off\" autosuggest=\"off\" method=\"POST\" class=\"form\" id=\"loginForm\" name=\"loginForm\" _lpchecked=\"1\"\n          action=\"\">\n        <input type=\"hidden\" name=\"lang\" value=\"fr\">\n        <div style=\"text-align:left; margin-top: 20px\">\n            <h3 class=\"elementor-heading-title elementor-size-default\"\n                style=\"font-weight: bold; font-size: 24px !important;\">Acc\u00e9der \u00e0 votre profil<\/a>\n        <\/div>\n        <div class=\"elementor-labels-above\">\n            <div class=\"display-grid\">\n                <label for=\"form-field-email\"\n                       class=\"elementor-field-label form-user\">Adresse email<\/label>\n                <input class=\"\" size=\"1\" type=\"email\" required=\"required\" name=\"email\">\n            <\/div>\n            <div class=\"display-grid\">\n                <label for=\"form-field-password\"\n                       class=\"elementor-field-label form-user\">Mot de passe<\/label>\n                <input class=\"\" size=\"1\" type=\"password\" required=\"required\" name=\"password\">\n\n            <\/div>\n            <br>\n\n\n            <div class=\"\">\n                <div class=\"elementor-button-wrapper\">\n                    <button class=\"elementor-button button-submit\"\n                            type=\"submit\">Se connecter<\/button>\n                <\/div>\n            <\/div>\n\n            <div style=\"text-align:left; margin-top: 20px\">\n                <a style=\"color:#ee1c24; font-weight: normal;cursor: pointer;\"\n                   onclick=\"showForgot()\">Mot de passe oubli\u00e9 ?<\/a>\n            <\/div>\n\n        <\/div>\n    <\/form>\n\t\t<div class=\"elementor-shortcode\"><\/div>\n\t\t\t\t\t\t<\/div>\n\t\t\t\t<\/div>\n\t\t\t\t<div class=\"elementor-element elementor-element-00456fb resetPass elementor-widget elementor-widget-shortcode\" data-id=\"00456fb\" data-element_type=\"widget\" id=\"resetPass\" data-widget_type=\"shortcode.default\">\n\t\t\t\t<div class=\"elementor-widget-container\">\n\t\t\t\t\t<div class='alert alert-success' id='rememberPassSuccess' style='display:none; width:100%;'><strong>Bravo!<\/strong> Un lien de connexion vous a \u00e9t\u00e9 envoy\u00e9, consultez votre bo\u00eete mail.<\/div><div class='alert alert-danger' id='rememberPassErrors' style='display:none; width:100%;'><strong>Oops!<\/strong> Une erreur est survenue.<\/div>    <form autocomplete=\"off\" autosuggest=\"off\" method=\"POST\" id=\"passwordSend\" class=\"password_send\">\n        <div style=\"text-align:left; margin-top: 20px\">\n            <h3 class=\"elementor-heading-title elementor-size-default\"\n                style=\"font-weight: bold;\">Mot de passe oubli\u00e9 ?<\/a>\n        <\/div>\n        <div class=\"elementor-labels-above\">\n            <div class=\"display-grid\">\n                <label for=\"form-field-email\"\n                       class=\"elementor-field-label form-user\">Adresse email<\/label>\n                <input class=\"w-50\" size=\"1\" type=\"email\" required=\"required\" name=\"email\">\n            <\/div>\n            <div class=\"sliding_button\">\n                <div class=\"elementor-button-wrapper\">\n                    <button class=\"elementor-button button-submit\" type=\"submit\">Envoyez-moi un lien de connexion<\/button>\n                <\/div>\n            <\/div>\n            <div style=\"text-align:left; margin-top: 20px\">\n                <a style=\"color:#ee1c24; font-weight: normal;cursor: pointer;\"\n                   onclick=\"closeForgot()\">Retour pour vous connecter<\/a>\n            <\/div>\n        <\/div>\n    <\/form>\n    \t\t<div class=\"elementor-shortcode\"><\/div>\n\t\t\t\t\t\t<\/div>\n\t\t\t\t<\/div>\n\t\t\t\t\t<\/div>\n\t\t<\/div>\n\t\t\t\t<div class=\"elementor-column elementor-col-50 elementor-top-column elementor-element elementor-element-2c6059a\" data-id=\"2c6059a\" data-element_type=\"column\">\n\t\t\t<div class=\"elementor-widget-wrap elementor-element-populated\">\n\t\t\t\t\t\t<div class=\"elementor-element elementor-element-9ce3cda elementor-widget elementor-widget-heading\" data-id=\"9ce3cda\" data-element_type=\"widget\" data-widget_type=\"heading.default\">\n\t\t\t\t<div class=\"elementor-widget-container\">\n\t\t\t\t\t<h3 class=\"elementor-heading-title elementor-size-default\">Non enregistr\u00e9 ? Cr\u00e9ez un compte<\/h3>\t\t\t\t<\/div>\n\t\t\t\t<\/div>\n\t\t\t\t<div class=\"elementor-element elementor-element-3273dae elementor-align-center elementor-mobile-align-center elementor-widget elementor-widget-button\" data-id=\"3273dae\" data-element_type=\"widget\" data-widget_type=\"button.default\">\n\t\t\t\t<div class=\"elementor-widget-container\">\n\t\t\t\t\t\t\t\t\t<div class=\"elementor-button-wrapper\">\n\t\t\t\t\t<a class=\"elementor-button elementor-button-link elementor-size-md\" href=\"https:\/\/spaceprogram.esch2022.lu\/fr\/senregistrer\">\n\t\t\t\t\t\t<span class=\"elementor-button-content-wrapper\">\n\t\t\t\t\t\t\t\t\t<span class=\"elementor-button-text\">Cr\u00e9ez un compte<\/span>\n\t\t\t\t\t<\/span>\n\t\t\t\t\t<\/a>\n\t\t\t\t<\/div>\n\t\t\t\t\t\t\t\t<\/div>\n\t\t\t\t<\/div>\n\t\t\t\t\t<\/div>\n\t\t<\/div>\n\t\t\t\t\t<\/div>\n\t\t<\/section>\n\t\t\t\t<\/div>\n\t\t","protected":false},"excerpt":{"rendered":"<p>Connectez-vous pour g\u00e9rer votre participation\u200b Non enregistr\u00e9 ? Cr\u00e9ez un compte Cr\u00e9ez un compte<\/p>\n","protected":false},"author":1,"featured_media":0,"parent":0,"menu_order":0,"comment_status":"closed","ping_status":"closed","template":"","meta":{"footnotes":""},"class_list":["post-5805","page","type-page","status-publish","hentry"],"yoast_head":"<!-- This site is optimized with the Yoast SEO plugin v27.4 - https:\/\/yoast.com\/product\/yoast-seo-wordpress\/ -->\n<title>Se connecter - Space Program - Esch2022<\/title>\n<meta name=\"robots\" content=\"index, follow, max-snippet:-1, max-image-preview:large, max-video-preview:-1\" \/>\n<link rel=\"canonical\" href=\"https:\/\/spaceprogram.esch2022.lu\/lu\/se-connecter\/\" \/>\n<meta property=\"og:locale\" content=\"fr_FR\" \/>\n<meta property=\"og:type\" content=\"article\" \/>\n<meta property=\"og:title\" content=\"Se connecter - Space Program - Esch2022\" \/>\n<meta property=\"og:description\" content=\"Connectez-vous pour g\u00e9rer votre participation\u200b Non enregistr\u00e9 ? Cr\u00e9ez un compte Cr\u00e9ez un compte\" \/>\n<meta property=\"og:url\" content=\"https:\/\/spaceprogram.esch2022.lu\/lu\/se-connecter\/\" \/>\n<meta property=\"og:site_name\" content=\"Space Program - Esch2022\" \/>\n<meta property=\"article:modified_time\" content=\"2021-09-06T10:01:22+00:00\" \/>\n<meta name=\"twitter:card\" content=\"summary_large_image\" \/>\n<meta name=\"twitter:label1\" content=\"Dur\u00e9e de lecture estim\u00e9e\" \/>\n\t<meta name=\"twitter:data1\" content=\"1 minute\" \/>\n<script type=\"application\/ld+json\" class=\"yoast-schema-graph\">{\"@context\":\"https:\\\/\\\/schema.org\",\"@graph\":[{\"@type\":\"WebPage\",\"@id\":\"https:\\\/\\\/spaceprogram.esch2022.lu\\\/lu\\\/se-connecter\\\/\",\"url\":\"https:\\\/\\\/spaceprogram.esch2022.lu\\\/lu\\\/se-connecter\\\/\",\"name\":\"Se connecter - Space Program - Esch2022\",\"isPartOf\":{\"@id\":\"https:\\\/\\\/spaceprogram.esch2022.lu\\\/lu\\\/#website\"},\"datePublished\":\"2021-07-02T08:39:42+00:00\",\"dateModified\":\"2021-09-06T10:01:22+00:00\",\"breadcrumb\":{\"@id\":\"https:\\\/\\\/spaceprogram.esch2022.lu\\\/lu\\\/se-connecter\\\/#breadcrumb\"},\"inLanguage\":\"fr-FR\",\"potentialAction\":[{\"@type\":\"ReadAction\",\"target\":[\"https:\\\/\\\/spaceprogram.esch2022.lu\\\/lu\\\/se-connecter\\\/\"]}]},{\"@type\":\"BreadcrumbList\",\"@id\":\"https:\\\/\\\/spaceprogram.esch2022.lu\\\/lu\\\/se-connecter\\\/#breadcrumb\",\"itemListElement\":[{\"@type\":\"ListItem\",\"position\":1,\"name\":\"Home\",\"item\":\"https:\\\/\\\/spaceprogram.esch2022.lu\\\/fr\\\/\"},{\"@type\":\"ListItem\",\"position\":2,\"name\":\"Se connecter\"}]},{\"@type\":\"WebSite\",\"@id\":\"https:\\\/\\\/spaceprogram.esch2022.lu\\\/lu\\\/#website\",\"url\":\"https:\\\/\\\/spaceprogram.esch2022.lu\\\/lu\\\/\",\"name\":\"Space Program - Esch2022\",\"description\":\"\",\"potentialAction\":[{\"@type\":\"SearchAction\",\"target\":{\"@type\":\"EntryPoint\",\"urlTemplate\":\"https:\\\/\\\/spaceprogram.esch2022.lu\\\/lu\\\/?s={search_term_string}\"},\"query-input\":{\"@type\":\"PropertyValueSpecification\",\"valueRequired\":true,\"valueName\":\"search_term_string\"}}],\"inLanguage\":\"fr-FR\"}]}<\/script>\n<!-- \/ Yoast SEO plugin. -->","yoast_head_json":{"title":"Se connecter - Space Program - Esch2022","robots":{"index":"index","follow":"follow","max-snippet":"max-snippet:-1","max-image-preview":"max-image-preview:large","max-video-preview":"max-video-preview:-1"},"canonical":"https:\/\/spaceprogram.esch2022.lu\/lu\/se-connecter\/","og_locale":"fr_FR","og_type":"article","og_title":"Se connecter - Space Program - Esch2022","og_description":"Connectez-vous pour g\u00e9rer votre participation\u200b Non enregistr\u00e9 ? Cr\u00e9ez un compte Cr\u00e9ez un compte","og_url":"https:\/\/spaceprogram.esch2022.lu\/lu\/se-connecter\/","og_site_name":"Space Program - Esch2022","article_modified_time":"2021-09-06T10:01:22+00:00","twitter_card":"summary_large_image","twitter_misc":{"Dur\u00e9e de lecture estim\u00e9e":"1 minute"},"schema":{"@context":"https:\/\/schema.org","@graph":[{"@type":"WebPage","@id":"https:\/\/spaceprogram.esch2022.lu\/lu\/se-connecter\/","url":"https:\/\/spaceprogram.esch2022.lu\/lu\/se-connecter\/","name":"Se connecter - Space Program - Esch2022","isPartOf":{"@id":"https:\/\/spaceprogram.esch2022.lu\/lu\/#website"},"datePublished":"2021-07-02T08:39:42+00:00","dateModified":"2021-09-06T10:01:22+00:00","breadcrumb":{"@id":"https:\/\/spaceprogram.esch2022.lu\/lu\/se-connecter\/#breadcrumb"},"inLanguage":"fr-FR","potentialAction":[{"@type":"ReadAction","target":["https:\/\/spaceprogram.esch2022.lu\/lu\/se-connecter\/"]}]},{"@type":"BreadcrumbList","@id":"https:\/\/spaceprogram.esch2022.lu\/lu\/se-connecter\/#breadcrumb","itemListElement":[{"@type":"ListItem","position":1,"name":"Home","item":"https:\/\/spaceprogram.esch2022.lu\/fr\/"},{"@type":"ListItem","position":2,"name":"Se connecter"}]},{"@type":"WebSite","@id":"https:\/\/spaceprogram.esch2022.lu\/lu\/#website","url":"https:\/\/spaceprogram.esch2022.lu\/lu\/","name":"Space Program - Esch2022","description":"","potentialAction":[{"@type":"SearchAction","target":{"@type":"EntryPoint","urlTemplate":"https:\/\/spaceprogram.esch2022.lu\/lu\/?s={search_term_string}"},"query-input":{"@type":"PropertyValueSpecification","valueRequired":true,"valueName":"search_term_string"}}],"inLanguage":"fr-FR"}]}},"_links":{"self":[{"href":"https:\/\/spaceprogram.esch2022.lu\/fr\/wp-json\/wp\/v2\/pages\/5805","targetHints":{"allow":["GET"]}}],"collection":[{"href":"https:\/\/spaceprogram.esch2022.lu\/fr\/wp-json\/wp\/v2\/pages"}],"about":[{"href":"https:\/\/spaceprogram.esch2022.lu\/fr\/wp-json\/wp\/v2\/types\/page"}],"author":[{"embeddable":true,"href":"https:\/\/spaceprogram.esch2022.lu\/fr\/wp-json\/wp\/v2\/users\/1"}],"replies":[{"embeddable":true,"href":"https:\/\/spaceprogram.esch2022.lu\/fr\/wp-json\/wp\/v2\/comments?post=5805"}],"version-history":[{"count":0,"href":"https:\/\/spaceprogram.esch2022.lu\/fr\/wp-json\/wp\/v2\/pages\/5805\/revisions"}],"wp:attachment":[{"href":"https:\/\/spaceprogram.esch2022.lu\/fr\/wp-json\/wp\/v2\/media?parent=5805"}],"curies":[{"name":"wp","href":"https:\/\/api.w.org\/{rel}","templated":true}]}}