{"id":6471,"date":"2021-07-05T10:02:08","date_gmt":"2021-07-05T08:02:08","guid":{"rendered":"https:\/\/spaceprogram.esch2022.lu\/senregistrer\/"},"modified":"2021-08-17T09:48:01","modified_gmt":"2021-08-17T07:48:01","slug":"registrieren","status":"publish","type":"page","link":"https:\/\/spaceprogram.esch2022.lu\/de\/registrieren\/","title":{"rendered":"Registrieren"},"content":{"rendered":"\t\t<div data-elementor-type=\"wp-page\" data-elementor-id=\"6471\" class=\"elementor elementor-6471 elementor-5908\" data-elementor-post-type=\"page\">\n\t\t\t\t\t\t<section class=\"elementor-section elementor-top-section elementor-element elementor-element-fd0341c elementor-section-stretched elementor-section-height-min-height elementor-section-items-stretch elementor-section-content-middle elementor-section-boxed elementor-section-height-default\" data-id=\"fd0341c\" data-element_type=\"section\" data-settings=\"{&quot;stretch_section&quot;:&quot;section-stretched&quot;,&quot;background_background&quot;:&quot;classic&quot;}\">\n\t\t\t\t\t\t\t<div class=\"elementor-background-overlay\"><\/div>\n\t\t\t\t\t\t\t<div class=\"elementor-container elementor-column-gap-default\">\n\t\t\t\t\t<div class=\"elementor-column elementor-col-100 elementor-top-column elementor-element elementor-element-2b414e0 elementor-invisible\" data-id=\"2b414e0\" data-element_type=\"column\" data-settings=\"{&quot;background_background&quot;:&quot;classic&quot;,&quot;animation&quot;:&quot;fadeInLeft&quot;}\">\n\t\t\t<div class=\"elementor-widget-wrap elementor-element-populated\">\n\t\t\t\t\t\t<div class=\"elementor-element elementor-element-437cc52 elementor-widget elementor-widget-heading\" data-id=\"437cc52\" data-element_type=\"widget\" data-widget_type=\"heading.default\">\n\t\t\t\t<div class=\"elementor-widget-container\">\n\t\t\t\t\t<h1 class=\"elementor-heading-title elementor-size-xxl\">TEILNAHME JETZT AN UNSEREM GROSSEN ZEICHNUNGSWETTBEWERB<\/h1>\t\t\t\t<\/div>\n\t\t\t\t<\/div>\n\t\t\t\t<div class=\"elementor-element elementor-element-4fa0840 elementor-widget elementor-widget-text-editor\" data-id=\"4fa0840\" data-element_type=\"widget\" data-widget_type=\"text-editor.default\">\n\t\t\t\t<div class=\"elementor-widget-container\">\n\t\t\t\t\t\t\t\t\t<p style=\"text-align: center;\">Um Ihren Sch\u00fclern die Teilnahme zu erm\u00f6glichen, erstellen Sie bitte ein Konto, w\u00e4hlen Sie Ihre Schule aus und f\u00fcgen Sie die Zeichnungen Ihrer Klasse hinzu.<\/p>\t\t\t\t\t\t\t\t<\/div>\n\t\t\t\t<\/div>\n\t\t\t\t\t<\/div>\n\t\t<\/div>\n\t\t\t\t\t<\/div>\n\t\t<\/section>\n\t\t\t\t<section class=\"elementor-section elementor-top-section elementor-element elementor-element-43140ef elementor-section-boxed elementor-section-height-default elementor-section-height-default\" data-id=\"43140ef\" data-element_type=\"section\" data-settings=\"{&quot;background_background&quot;:&quot;classic&quot;}\">\n\t\t\t\t\t\t<div class=\"elementor-container elementor-column-gap-default\">\n\t\t\t\t\t<div class=\"elementor-column elementor-col-100 elementor-top-column elementor-element elementor-element-beda525\" data-id=\"beda525\" data-element_type=\"column\" data-settings=\"{&quot;background_background&quot;:&quot;classic&quot;}\">\n\t\t\t<div class=\"elementor-widget-wrap elementor-element-populated\">\n\t\t\t\t\t\t<div class=\"elementor-element elementor-element-5aa813d elementor-widget elementor-widget-shortcode\" data-id=\"5aa813d\" data-element_type=\"widget\" data-widget_type=\"shortcode.default\">\n\t\t\t\t<div class=\"elementor-widget-container\">\n\t\t\t\t\t<div class='alert alert-success' id='registerSuccess' style='display:none;'><strong>Gut erledigt!<\/strong> Ihr Konto wurde erfolgreich erstellt. Sie k\u00f6nnen sich jetzt anmelden.<\/div><div class='alert alert-danger' id='registerError' style='display:none;'><strong>Oops!<\/strong> Ein Fehler ist aufgetreten.<\/div>\n\n        \n            <div class='alert alert-success'>\n            Vielen Dank f\u00fcr Ihr Interesse und Ihre Teilnahme am gro\u00dfen Zeichenwettbewerb von Esch2022. Der Wettbewerb ist jetzt abgeschlossen. Die Jury wird die Zeichnungen pr\u00fcfen und die Gewinner ausw\u00e4hlen. Die Finalisten werden in K\u00fcrze benachrichtigt und zur Preisverleihung am 29. November 2021 in das Grand Auditorium nach Esch-Belval eingeladen.        <\/div>\n\n    \n\n\t\t<div class=\"elementor-shortcode\"><\/div>\n\t\t\t\t\t\t<\/div>\n\t\t\t\t<\/div>\n\t\t\t\t\t<\/div>\n\t\t<\/div>\n\t\t\t\t\t<\/div>\n\t\t<\/section>\n\t\t\t\t<section class=\"elementor-section elementor-top-section elementor-element elementor-element-8df3554 elementor-section-boxed elementor-section-height-default elementor-section-height-default\" data-id=\"8df3554\" data-element_type=\"section\" data-settings=\"{&quot;background_background&quot;:&quot;classic&quot;}\">\n\t\t\t\t\t\t<div class=\"elementor-container elementor-column-gap-default\">\n\t\t\t\t\t<div class=\"elementor-column elementor-col-100 elementor-top-column elementor-element elementor-element-602b237\" data-id=\"602b237\" data-element_type=\"column\" data-settings=\"{&quot;background_background&quot;:&quot;classic&quot;}\">\n\t\t\t<div class=\"elementor-widget-wrap elementor-element-populated\">\n\t\t\t\t\t\t<div class=\"elementor-element elementor-element-89423a7 elementor-widget elementor-widget-text-editor\" data-id=\"89423a7\" data-element_type=\"widget\" data-widget_type=\"text-editor.default\">\n\t\t\t\t<div class=\"elementor-widget-container\">\n\t\t\t\t\t\t\t\t\t<p style=\"text-align: center;\">Sie haben bereits ein Konto ?<\/p><p style=\"text-align: center; color: #000000;\"><a style=\"text-align: center; color: rgb(0 154 254); font-weight: 500;\" href=\"\/de\/einloggen\/\">Hier anmelden<\/a><\/p>\t\t\t\t\t\t\t\t<\/div>\n\t\t\t\t<\/div>\n\t\t\t\t\t<\/div>\n\t\t<\/div>\n\t\t\t\t\t<\/div>\n\t\t<\/section>\n\t\t\t\t<\/div>\n\t\t","protected":false},"excerpt":{"rendered":"<p>TEILNAHME JETZT AN UNSEREM GROSSEN ZEICHNUNGSWETTBEWERB Um Ihren Sch\u00fclern die Teilnahme zu erm\u00f6glichen, erstellen Sie bitte ein Konto, w\u00e4hlen Sie Ihre Schule aus und f\u00fcgen Sie die Zeichnungen Ihrer Klasse hinzu. Sie haben bereits ein Konto ? Hier anmelden<\/p>\n","protected":false},"author":1,"featured_media":0,"parent":0,"menu_order":0,"comment_status":"closed","ping_status":"closed","template":"","meta":{"footnotes":""},"class_list":["post-6471","page","type-page","status-publish","hentry"],"yoast_head":"<!-- This site is optimized with the Yoast SEO plugin v27.4 - https:\/\/yoast.com\/product\/yoast-seo-wordpress\/ -->\n<title>Registrieren - Future School<\/title>\n<meta name=\"robots\" content=\"index, follow, max-snippet:-1, max-image-preview:large, max-video-preview:-1\" \/>\n<link rel=\"canonical\" href=\"https:\/\/spaceprogram.esch2022.lu\/lu\/aschreiwen\/\" \/>\n<meta property=\"og:locale\" content=\"de_DE\" \/>\n<meta property=\"og:type\" content=\"article\" \/>\n<meta property=\"og:title\" content=\"Registrieren - Future School\" \/>\n<meta property=\"og:description\" content=\"TEILNAHME JETZT AN UNSEREM GROSSEN ZEICHNUNGSWETTBEWERB Um Ihren Sch\u00fclern die Teilnahme zu erm\u00f6glichen, erstellen Sie bitte ein Konto, w\u00e4hlen Sie Ihre Schule aus und f\u00fcgen Sie die Zeichnungen Ihrer Klasse hinzu. Sie haben bereits ein Konto ? Hier anmelden\" \/>\n<meta property=\"og:url\" content=\"https:\/\/spaceprogram.esch2022.lu\/lu\/aschreiwen\/\" \/>\n<meta property=\"og:site_name\" content=\"Future School\" \/>\n<meta property=\"article:modified_time\" content=\"2021-08-17T07:48:01+00:00\" \/>\n<meta name=\"twitter:card\" content=\"summary_large_image\" \/>\n<meta name=\"twitter:label1\" content=\"Gesch\u00e4tzte Lesezeit\" \/>\n\t<meta name=\"twitter:data1\" content=\"1\u00a0Minute\" \/>\n<script type=\"application\/ld+json\" class=\"yoast-schema-graph\">{\"@context\":\"https:\\\/\\\/schema.org\",\"@graph\":[{\"@type\":\"WebPage\",\"@id\":\"https:\\\/\\\/spaceprogram.esch2022.lu\\\/lu\\\/aschreiwen\\\/\",\"url\":\"https:\\\/\\\/spaceprogram.esch2022.lu\\\/lu\\\/aschreiwen\\\/\",\"name\":\"Registrieren - Future School\",\"isPartOf\":{\"@id\":\"https:\\\/\\\/spaceprogram.esch2022.lu\\\/lu\\\/#website\"},\"datePublished\":\"2021-07-05T08:02:08+00:00\",\"dateModified\":\"2021-08-17T07:48:01+00:00\",\"breadcrumb\":{\"@id\":\"https:\\\/\\\/spaceprogram.esch2022.lu\\\/lu\\\/aschreiwen\\\/#breadcrumb\"},\"inLanguage\":\"de\",\"potentialAction\":[{\"@type\":\"ReadAction\",\"target\":[\"https:\\\/\\\/spaceprogram.esch2022.lu\\\/lu\\\/aschreiwen\\\/\"]}]},{\"@type\":\"BreadcrumbList\",\"@id\":\"https:\\\/\\\/spaceprogram.esch2022.lu\\\/lu\\\/aschreiwen\\\/#breadcrumb\",\"itemListElement\":[{\"@type\":\"ListItem\",\"position\":1,\"name\":\"Home\",\"item\":\"https:\\\/\\\/spaceprogram.esch2022.lu\\\/de\\\/\"},{\"@type\":\"ListItem\",\"position\":2,\"name\":\"Registrieren\"}]},{\"@type\":\"WebSite\",\"@id\":\"https:\\\/\\\/spaceprogram.esch2022.lu\\\/lu\\\/#website\",\"url\":\"https:\\\/\\\/spaceprogram.esch2022.lu\\\/lu\\\/\",\"name\":\"Future School\",\"description\":\"\",\"potentialAction\":[{\"@type\":\"SearchAction\",\"target\":{\"@type\":\"EntryPoint\",\"urlTemplate\":\"https:\\\/\\\/spaceprogram.esch2022.lu\\\/lu\\\/?s={search_term_string}\"},\"query-input\":{\"@type\":\"PropertyValueSpecification\",\"valueRequired\":true,\"valueName\":\"search_term_string\"}}],\"inLanguage\":\"de\"}]}<\/script>\n<!-- \/ Yoast SEO plugin. -->","yoast_head_json":{"title":"Registrieren - Future School","robots":{"index":"index","follow":"follow","max-snippet":"max-snippet:-1","max-image-preview":"max-image-preview:large","max-video-preview":"max-video-preview:-1"},"canonical":"https:\/\/spaceprogram.esch2022.lu\/lu\/aschreiwen\/","og_locale":"de_DE","og_type":"article","og_title":"Registrieren - Future School","og_description":"TEILNAHME JETZT AN UNSEREM GROSSEN ZEICHNUNGSWETTBEWERB Um Ihren Sch\u00fclern die Teilnahme zu erm\u00f6glichen, erstellen Sie bitte ein Konto, w\u00e4hlen Sie Ihre Schule aus und f\u00fcgen Sie die Zeichnungen Ihrer Klasse hinzu. Sie haben bereits ein Konto ? Hier anmelden","og_url":"https:\/\/spaceprogram.esch2022.lu\/lu\/aschreiwen\/","og_site_name":"Future School","article_modified_time":"2021-08-17T07:48:01+00:00","twitter_card":"summary_large_image","twitter_misc":{"Gesch\u00e4tzte Lesezeit":"1\u00a0Minute"},"schema":{"@context":"https:\/\/schema.org","@graph":[{"@type":"WebPage","@id":"https:\/\/spaceprogram.esch2022.lu\/lu\/aschreiwen\/","url":"https:\/\/spaceprogram.esch2022.lu\/lu\/aschreiwen\/","name":"Registrieren - Future School","isPartOf":{"@id":"https:\/\/spaceprogram.esch2022.lu\/lu\/#website"},"datePublished":"2021-07-05T08:02:08+00:00","dateModified":"2021-08-17T07:48:01+00:00","breadcrumb":{"@id":"https:\/\/spaceprogram.esch2022.lu\/lu\/aschreiwen\/#breadcrumb"},"inLanguage":"de","potentialAction":[{"@type":"ReadAction","target":["https:\/\/spaceprogram.esch2022.lu\/lu\/aschreiwen\/"]}]},{"@type":"BreadcrumbList","@id":"https:\/\/spaceprogram.esch2022.lu\/lu\/aschreiwen\/#breadcrumb","itemListElement":[{"@type":"ListItem","position":1,"name":"Home","item":"https:\/\/spaceprogram.esch2022.lu\/de\/"},{"@type":"ListItem","position":2,"name":"Registrieren"}]},{"@type":"WebSite","@id":"https:\/\/spaceprogram.esch2022.lu\/lu\/#website","url":"https:\/\/spaceprogram.esch2022.lu\/lu\/","name":"Future School","description":"","potentialAction":[{"@type":"SearchAction","target":{"@type":"EntryPoint","urlTemplate":"https:\/\/spaceprogram.esch2022.lu\/lu\/?s={search_term_string}"},"query-input":{"@type":"PropertyValueSpecification","valueRequired":true,"valueName":"search_term_string"}}],"inLanguage":"de"}]}},"_links":{"self":[{"href":"https:\/\/spaceprogram.esch2022.lu\/de\/wp-json\/wp\/v2\/pages\/6471","targetHints":{"allow":["GET"]}}],"collection":[{"href":"https:\/\/spaceprogram.esch2022.lu\/de\/wp-json\/wp\/v2\/pages"}],"about":[{"href":"https:\/\/spaceprogram.esch2022.lu\/de\/wp-json\/wp\/v2\/types\/page"}],"author":[{"embeddable":true,"href":"https:\/\/spaceprogram.esch2022.lu\/de\/wp-json\/wp\/v2\/users\/1"}],"replies":[{"embeddable":true,"href":"https:\/\/spaceprogram.esch2022.lu\/de\/wp-json\/wp\/v2\/comments?post=6471"}],"version-history":[{"count":0,"href":"https:\/\/spaceprogram.esch2022.lu\/de\/wp-json\/wp\/v2\/pages\/6471\/revisions"}],"wp:attachment":[{"href":"https:\/\/spaceprogram.esch2022.lu\/de\/wp-json\/wp\/v2\/media?parent=6471"}],"curies":[{"name":"wp","href":"https:\/\/api.w.org\/{rel}","templated":true}]}}